{"id":243,"date":"2026-03-15T09:37:05","date_gmt":"2026-03-15T09:37:05","guid":{"rendered":"https:\/\/atlasmills.al\/?page_id=243"},"modified":"2026-04-09T14:17:17","modified_gmt":"2026-04-09T14:17:17","slug":"produkte","status":"publish","type":"page","link":"https:\/\/atlasmills.al\/en\/produkte\/","title":{"rendered":"Produkte"},"content":{"rendered":"<div data-elementor-type=\"wp-page\" data-elementor-id=\"243\" class=\"elementor elementor-243\" data-elementor-post-type=\"page\">\n\t\t\t\t<div class=\"elementor-element elementor-element-df655ad e-flex e-con-boxed e-con e-parent\" data-id=\"df655ad\" data-element_type=\"container\" data-e-type=\"container\" data-settings=\"{&quot;background_background&quot;:&quot;classic&quot;}\">\n\t\t\t\t\t<div class=\"e-con-inner\">\n\t\t\t\t<div class=\"elementor-element elementor-element-5becb4b elementor-widget elementor-widget-heading\" data-id=\"5becb4b\" data-element_type=\"widget\" data-e-type=\"widget\" data-widget_type=\"heading.default\">\n\t\t\t\t\t<h2 class=\"elementor-heading-title elementor-size-default\">Produktet - Coming soon<\/h2>\t\t\t\t<\/div>\n\t\t\t\t<div class=\"elementor-element elementor-element-ed42a51 elementor-widget elementor-widget-heading\" data-id=\"ed42a51\" data-element_type=\"widget\" data-e-type=\"widget\" data-widget_type=\"heading.default\">\n\t\t\t\t\t<h2 class=\"elementor-heading-title elementor-size-default\">Home \u00a0&gt; \u00a0 Products<\/h2>\t\t\t\t<\/div>\n\t\t\t\t<div class=\"elementor-element elementor-element-9e82822 htc elementor-widget elementor-widget-html\" data-id=\"9e82822\" data-element_type=\"widget\" data-e-type=\"widget\" data-widget_type=\"html.default\">\n\t\t\t\t\t<style>\n.htc{\n    display: none;\n}\n.hover-shine {\n  position: relative;\n  overflow: hidden;\n}\n\n.hover-shine::after {\n  content: '';\n  position: absolute;\n  top: 0;\n  left: -80%;\n  width: 60%;\n  height: 100%;\n  background: linear-gradient(\n    120deg,\n    transparent 0%,\n    rgba(255,255,255,0.08) 30%,\n    rgba(255,255,255,0.55) 50%,\n    rgba(255,255,255,0.08) 70%,\n    transparent 100%\n  );\n  transform: skewX(-15deg);\n  pointer-events: none;\n}\n\n.hover-shine:hover::after {\n  animation: shine 0.55s ease forwards;\n}\n\n@keyframes shine {\n  from { left: -80%; }\n  to   { left: 130%; }\n}\n<\/style>\t\t\t\t<\/div>\n\t\t\t\t\t<\/div>\n\t\t\t\t<\/div>\n\t\t<div class=\"elementor-element elementor-element-3360108 elementor-hidden-desktop elementor-hidden-tablet elementor-hidden-mobile e-flex e-con-boxed e-con e-parent\" data-id=\"3360108\" data-element_type=\"container\" data-e-type=\"container\">\n\t\t\t\t\t<div class=\"e-con-inner\">\n\t\t<div class=\"elementor-element elementor-element-f0a5446 e-grid e-con-full e-con e-child\" data-id=\"f0a5446\" data-element_type=\"container\" data-e-type=\"container\" data-settings=\"{&quot;background_background&quot;:&quot;classic&quot;}\">\n\t\t<a class=\"elementor-element elementor-element-3f03ac9 e-con-full hover-shine crd e-flex e-con e-child\" data-id=\"3f03ac9\" data-element_type=\"container\" data-e-type=\"container\" data-settings=\"{&quot;background_background&quot;:&quot;classic&quot;}\" href=\"https:\/\/atlasmills.al\/en\/produktet\/?category=miell-misri\">\n\t\t<div class=\"elementor-element elementor-element-3f98213 e-con-full e-flex e-con e-child\" data-id=\"3f98213\" data-element_type=\"container\" data-e-type=\"container\">\n\t\t\t\t<div class=\"elementor-element elementor-element-776ac77 elementor-widget elementor-widget-heading\" data-id=\"776ac77\" data-element_type=\"widget\" data-e-type=\"widget\" data-widget_type=\"heading.default\">\n\t\t\t\t\t<h2 class=\"elementor-heading-title elementor-size-default\">Professional Flour<\/h2>\t\t\t\t<\/div>\n\t\t\t\t<div class=\"elementor-element elementor-element-967dae7 elementor-widget elementor-widget-text-editor\" data-id=\"967dae7\" data-element_type=\"widget\" data-e-type=\"widget\" data-widget_type=\"text-editor.default\">\n\t\t\t\t\t\t\t\t\t<p>This is the flour used every day by bakeries, pastry shops, dough manufacturers, and food businesses. It is produced using carefully selected wheat and modern technology to guarantee consistent quality, precise structure, and stability in baking.<\/p><p><strong>Packaging Formats<\/strong><br \/>10 kg, 15 kg, 25 kg (standard industrial).<\/p>\t\t\t\t\t\t\t\t<\/div>\n\t\t\t\t<div class=\"elementor-element elementor-element-76d60c4 elementor-widget elementor-widget-text-editor\" data-id=\"76d60c4\" data-element_type=\"widget\" data-e-type=\"widget\" data-widget_type=\"text-editor.default\">\n\t\t\t\t\t\t\t\t\t<p>View Products<\/p>\t\t\t\t\t\t\t\t<\/div>\n\t\t\t\t<\/div>\n\t\t\t\t<div class=\"elementor-element elementor-element-cd30d2f elementor-widget elementor-widget-image\" data-id=\"cd30d2f\" data-element_type=\"widget\" data-e-type=\"widget\" data-widget_type=\"image.default\">\n\t\t\t\t\t\t\t\t\t\t\t\t\t\t\t<img fetchpriority=\"high\" decoding=\"async\" width=\"2000\" height=\"2000\" src=\"https:\/\/atlasmills.al\/wp-content\/uploads\/2026\/03\/MIELL-I-BARDHE-BG.webp\" class=\"attachment-full size-full wp-image-247\" alt=\"\" srcset=\"https:\/\/atlasmills.al\/wp-content\/uploads\/2026\/03\/MIELL-I-BARDHE-BG.webp 2000w, https:\/\/atlasmills.al\/wp-content\/uploads\/2026\/03\/MIELL-I-BARDHE-BG-300x300.webp 300w, https:\/\/atlasmills.al\/wp-content\/uploads\/2026\/03\/MIELL-I-BARDHE-BG-1024x1024.webp 1024w, https:\/\/atlasmills.al\/wp-content\/uploads\/2026\/03\/MIELL-I-BARDHE-BG-150x150.webp 150w, https:\/\/atlasmills.al\/wp-content\/uploads\/2026\/03\/MIELL-I-BARDHE-BG-768x768.webp 768w, https:\/\/atlasmills.al\/wp-content\/uploads\/2026\/03\/MIELL-I-BARDHE-BG-1536x1536.webp 1536w\" sizes=\"(max-width: 2000px) 100vw, 2000px\" \/>\t\t\t\t\t\t\t\t\t\t\t\t\t\t\t<\/div>\n\t\t\t\t<\/a>\n\t\t<a class=\"elementor-element elementor-element-119d133 e-con-full hover-shine crd e-flex e-con e-child\" data-id=\"119d133\" data-element_type=\"container\" data-e-type=\"container\" data-settings=\"{&quot;background_background&quot;:&quot;classic&quot;}\" href=\"https:\/\/atlasmills.al\/en\/produktet\/?e-filter-35891b5-kategorite-e-produkteve=miell-i-zi-integral\">\n\t\t<div class=\"elementor-element elementor-element-adaee0b e-con-full e-flex e-con e-child\" data-id=\"adaee0b\" data-element_type=\"container\" data-e-type=\"container\">\n\t\t\t\t<div class=\"elementor-element elementor-element-9547495 elementor-widget elementor-widget-heading\" data-id=\"9547495\" data-element_type=\"widget\" data-e-type=\"widget\" data-widget_type=\"heading.default\">\n\t\t\t\t\t<h2 class=\"elementor-heading-title elementor-size-default\">Consumer Flour<\/h2>\t\t\t\t<\/div>\n\t\t\t\t<div class=\"elementor-element elementor-element-4d5fe4e elementor-widget elementor-widget-text-editor\" data-id=\"4d5fe4e\" data-element_type=\"widget\" data-e-type=\"widget\" data-widget_type=\"text-editor.default\">\n\t\t\t\t\t\t\t\t\t<p>The products maintain the same quality as the professional ones, but are adapted for home use, with practical packaging and consistent results in every recipe.<\/p><p><strong>Packaging Formats<\/strong><br \/>0.5 kg | 1 kg | 2 kg | 5 kg<\/p>\t\t\t\t\t\t\t\t<\/div>\n\t\t\t\t<div class=\"elementor-element elementor-element-4c3f6e9 elementor-widget elementor-widget-text-editor\" data-id=\"4c3f6e9\" data-element_type=\"widget\" data-e-type=\"widget\" data-widget_type=\"text-editor.default\">\n\t\t\t\t\t\t\t\t\t<p>View Products<\/p>\t\t\t\t\t\t\t\t<\/div>\n\t\t\t\t<\/div>\n\t\t\t\t<div class=\"elementor-element elementor-element-1f3326a elementor-widget elementor-widget-image\" data-id=\"1f3326a\" data-element_type=\"widget\" data-e-type=\"widget\" data-widget_type=\"image.default\">\n\t\t\t\t\t\t\t\t\t\t\t\t\t\t\t<img decoding=\"async\" width=\"2000\" height=\"2000\" src=\"https:\/\/atlasmills.al\/wp-content\/uploads\/2026\/03\/MIELL-INTEGRAL-BG.webp\" class=\"attachment-full size-full wp-image-249\" alt=\"\" srcset=\"https:\/\/atlasmills.al\/wp-content\/uploads\/2026\/03\/MIELL-INTEGRAL-BG.webp 2000w, https:\/\/atlasmills.al\/wp-content\/uploads\/2026\/03\/MIELL-INTEGRAL-BG-300x300.webp 300w, https:\/\/atlasmills.al\/wp-content\/uploads\/2026\/03\/MIELL-INTEGRAL-BG-1024x1024.webp 1024w, https:\/\/atlasmills.al\/wp-content\/uploads\/2026\/03\/MIELL-INTEGRAL-BG-150x150.webp 150w, https:\/\/atlasmills.al\/wp-content\/uploads\/2026\/03\/MIELL-INTEGRAL-BG-768x768.webp 768w, https:\/\/atlasmills.al\/wp-content\/uploads\/2026\/03\/MIELL-INTEGRAL-BG-1536x1536.webp 1536w\" sizes=\"(max-width: 2000px) 100vw, 2000px\" \/>\t\t\t\t\t\t\t\t\t\t\t\t\t\t\t<\/div>\n\t\t\t\t<\/a>\n\t\t\t\t<\/div>\n\t\t\t\t\t<\/div>\n\t\t\t\t<\/div>\n\t\t<div class=\"elementor-element elementor-element-b29fb4f elementor-hidden-desktop elementor-hidden-tablet elementor-hidden-mobile e-flex e-con-boxed e-con e-parent\" data-id=\"b29fb4f\" data-element_type=\"container\" data-e-type=\"container\">\n\t\t\t\t\t<div class=\"e-con-inner\">\n\t\t<a class=\"elementor-element elementor-element-c977f0e e-con-full e-flex e-con e-child\" data-id=\"c977f0e\" data-element_type=\"container\" data-e-type=\"container\" data-settings=\"{&quot;background_background&quot;:&quot;classic&quot;}\" href=\"https:\/\/atlasmills.al\/en\/kontakt\/bashkepunim\/\">\n\t\t<div class=\"elementor-element elementor-element-36445b4 e-con-full e-flex e-con e-child\" data-id=\"36445b4\" data-element_type=\"container\" data-e-type=\"container\">\n\t\t\t\t<div class=\"elementor-element elementor-element-99a8d09 elementor-widget elementor-widget-heading\" data-id=\"99a8d09\" data-element_type=\"widget\" data-e-type=\"widget\" data-widget_type=\"heading.default\">\n\t\t\t\t\t<h2 class=\"elementor-heading-title elementor-size-default translation-block\">Request an Export Offer!<br>Become Our Partner!<\/h2>\t\t\t\t<\/div>\n\t\t\t\t<div class=\"elementor-element elementor-element-e24431a elementor-widget elementor-widget-text-editor\" data-id=\"e24431a\" data-element_type=\"widget\" data-e-type=\"widget\" data-widget_type=\"text-editor.default\">\n\t\t\t\t\t\t\t\t\t<p>Atlas Mills exports with a working philosophy built on trust and consistency. With craftsmanship roots dating back to 1782 and industrial production in Albania since 2003, today we supply the bakery, pastry, and other food industry chains.<\/p>\t\t\t\t\t\t\t\t<\/div>\n\t\t\t\t<div class=\"elementor-element elementor-element-4faf0a2 elementor-widget elementor-widget-html\" data-id=\"4faf0a2\" data-element_type=\"widget\" data-e-type=\"widget\" data-widget_type=\"html.default\">\n\t\t\t\t\t<span class=\"btn\" style=\"padding: 25px 50px; border: 2px solid white; border-radius: 50px; color:white; font-family:'Aeonik'; font-weight: 600; font-size:18px;\">Contact now!<\/span>\t\t\t\t<\/div>\n\t\t\t\t<\/div>\n\t\t<div class=\"elementor-element elementor-element-2a987a4 e-con-full e-flex e-con e-child\" data-id=\"2a987a4\" data-element_type=\"container\" data-e-type=\"container\" data-settings=\"{&quot;background_background&quot;:&quot;classic&quot;}\">\n\t\t\t\t<\/div>\n\t\t\t\t<\/a>\n\t\t\t\t\t<\/div>\n\t\t\t\t<\/div>\n\t\t\t\t<\/div>","protected":false},"excerpt":{"rendered":"<p>Produktet &#8211; Coming soon Kreu &nbsp;&gt; &nbsp; Produktet Miell Profesional Ky \u00ebsht\u00eb mielli q\u00eb p\u00ebrdoret \u00e7do dit\u00eb nga furrat, pasti\u00e7erit\u00eb, fabrikat e brum\u00ebrave dhe bizneset ushqimore. Prodhimi b\u00ebhet me grur\u00eb t\u00eb p\u00ebrzgjedhur dhe teknologji moderne p\u00ebr t\u00eb garantuar cil\u00ebsi t\u00eb q\u00ebndrueshme, struktur\u00eb t\u00eb sakt\u00eb dhe q\u00ebndrueshm\u00ebri n\u00eb pjekje. Formatet e paketimit:10 kg, 15 kg, 25 [&hellip;]<\/p>\n","protected":false},"author":1,"featured_media":0,"parent":0,"menu_order":0,"comment_status":"closed","ping_status":"closed","template":"elementor_header_footer","meta":{"_acf_changed":false,"nf_dc_page":"","footnotes":""},"class_list":["post-243","page","type-page","status-publish","hentry"],"acf":[],"_links":{"self":[{"href":"https:\/\/atlasmills.al\/en\/wp-json\/wp\/v2\/pages\/243","targetHints":{"allow":["GET"]}}],"collection":[{"href":"https:\/\/atlasmills.al\/en\/wp-json\/wp\/v2\/pages"}],"about":[{"href":"https:\/\/atlasmills.al\/en\/wp-json\/wp\/v2\/types\/page"}],"author":[{"embeddable":true,"href":"https:\/\/atlasmills.al\/en\/wp-json\/wp\/v2\/users\/1"}],"replies":[{"embeddable":true,"href":"https:\/\/atlasmills.al\/en\/wp-json\/wp\/v2\/comments?post=243"}],"version-history":[{"count":5,"href":"https:\/\/atlasmills.al\/en\/wp-json\/wp\/v2\/pages\/243\/revisions"}],"predecessor-version":[{"id":840,"href":"https:\/\/atlasmills.al\/en\/wp-json\/wp\/v2\/pages\/243\/revisions\/840"}],"wp:attachment":[{"href":"https:\/\/atlasmills.al\/en\/wp-json\/wp\/v2\/media?parent=243"}],"curies":[{"name":"wp","href":"https:\/\/api.w.org\/{rel}","templated":true}]}}