{"id":405,"date":"2026-03-15T15:23:30","date_gmt":"2026-03-15T15:23:30","guid":{"rendered":"https:\/\/atlasmills.al\/?page_id=405"},"modified":"2026-04-08T14:40:03","modified_gmt":"2026-04-08T14:40:03","slug":"csr","status":"publish","type":"page","link":"https:\/\/atlasmills.al\/en\/csr\/","title":{"rendered":"CSR"},"content":{"rendered":"<div data-elementor-type=\"wp-page\" data-elementor-id=\"405\" class=\"elementor elementor-405\" data-elementor-post-type=\"page\">\n\t\t\t\t<div class=\"elementor-element elementor-element-cd34c4e e-flex e-con-boxed e-con e-parent\" data-id=\"cd34c4e\" data-element_type=\"container\" data-e-type=\"container\" data-settings=\"{&quot;background_background&quot;:&quot;gradient&quot;}\">\n\t\t\t\t\t<div class=\"e-con-inner\">\n\t\t\t\t<div class=\"elementor-element elementor-element-aa84480 elementor-widget elementor-widget-heading\" data-id=\"aa84480\" data-element_type=\"widget\" data-e-type=\"widget\" data-widget_type=\"heading.default\">\n\t\t\t\t\t<h2 class=\"elementor-heading-title elementor-size-default\">CSR<\/h2>\t\t\t\t<\/div>\n\t\t\t\t<div class=\"elementor-element elementor-element-b97fcbc elementor-widget elementor-widget-heading\" data-id=\"b97fcbc\" data-element_type=\"widget\" data-e-type=\"widget\" data-widget_type=\"heading.default\">\n\t\t\t\t\t<h2 class=\"elementor-heading-title elementor-size-default\">Home \u00a0&gt; \u00a0 CSR<\/h2>\t\t\t\t<\/div>\n\t\t\t\t<div class=\"elementor-element elementor-element-86dab57 htc elementor-widget elementor-widget-html\" data-id=\"86dab57\" data-element_type=\"widget\" data-e-type=\"widget\" data-widget_type=\"html.default\">\n\t\t\t\t\t<style>\n.htc{\n    display: none;\n}\n.hover-shine {\n  position: relative;\n  overflow: hidden;\n}\n\n.hover-shine::after {\n  content: '';\n  position: absolute;\n  top: 0;\n  left: -80%;\n  width: 60%;\n  height: 100%;\n  background: linear-gradient(\n    120deg,\n    transparent 0%,\n    rgba(255,255,255,0.08) 30%,\n    rgba(255,255,255,0.55) 50%,\n    rgba(255,255,255,0.08) 70%,\n    transparent 100%\n  );\n  transform: skewX(-15deg);\n  pointer-events: none;\n}\n\n.hover-shine:hover::after {\n  animation: shine 0.55s ease forwards;\n}\n\n@keyframes shine {\n  from { left: -80%; }\n  to   { left: 130%; }\n}\n<\/style>\t\t\t\t<\/div>\n\t\t\t\t\t<\/div>\n\t\t\t\t<\/div>\n\t\t<div class=\"elementor-element elementor-element-6e4e993 e-flex e-con-boxed e-con e-parent\" data-id=\"6e4e993\" data-element_type=\"container\" data-e-type=\"container\">\n\t\t\t\t\t<div class=\"e-con-inner\">\n\t\t<div class=\"elementor-element elementor-element-f9519d9 e-con-full e-flex e-con e-child\" data-id=\"f9519d9\" data-element_type=\"container\" data-e-type=\"container\">\n\t\t\t\t<div class=\"elementor-element elementor-element-263972c elementor-view-default elementor-widget elementor-widget-icon\" data-id=\"263972c\" data-element_type=\"widget\" data-e-type=\"widget\" data-widget_type=\"icon.default\">\n\t\t\t\t\t\t\t<div class=\"elementor-icon-wrapper\">\n\t\t\t<div class=\"elementor-icon\">\n\t\t\t<svg xmlns=\"http:\/\/www.w3.org\/2000\/svg\" id=\"Layer_2\" data-name=\"Layer 2\" viewbox=\"0 0 326.41 239.6\"><defs><style>      .cls-1 {        fill: #fff;      }      .cls-2 {        fill: #de1f26;      }    <\/style><\/defs><g id=\"Layer_1-2\" data-name=\"Layer 1\"><g><path class=\"cls-1\" d=\"M143.78,108.32c-.43,4.38-2.03,8.81-3.24,12.84-1.21,4.69,1.02,9.62,5.9,13.38-7.34-.94-10.46-7.63-8.86-14.09.7-2.7,2.5-5.83,3.55-8.33,1.01-2.63,2.65-5.4,1.72-8.26,1.05,1.17,1.05,2.93.93,4.46Z\"><\/path><path class=\"cls-1\" d=\"M159.16,136.73c1.8-.04,3.79-1.33,4.77-2.81,1.29-1.88,2.93-4.39,3.59-5.68.58-1.1,1.09-1.96,1.52-2.7.04,0,7.93-.43,14.91-3.09,3.59-1.37,3.87-3.72,5.9-5.32,2.03-1.65,5.5-2.59,5.89-3.1,1.76-2.23,2.42-5.2,4.69-10.8,1.09-2.7,1.87-4.73,2.46-6.3,14.13-10.54,23.51-24.97,27.5-42.3,2.65,7.53,4.1,15.62,4.1,24.05,0,39.99-32.43,72.52-72.31,72.55-.26-.48-.51-1.01-.71-1.62-1.68-5.09-1.13-10.88-1.13-10.88,0,0-1.29.04-2.39-.08-2.49-.31-3.86-2.46-3.86-2.46,0,0,3.71.54,5.07.54Z\"><\/path><path class=\"cls-1\" d=\"M128.76,139.79c.04,1.24.22,2.38.45,3.47-23.4-12.04-39.45-36.45-39.45-64.58v-.23c8.36,13.03,20.61,23.58,35.72,29.79-1.1,3.95-3.71,7.87-1.88,17.07,1.49,7.67,4.88,5.32,5.16,14.48Z\"><\/path><path class=\"cls-1\" d=\"M173.34,117.13s-5.16,2.93-6.91-8.73c-.47-3.17-3.79-2.27-4.26-2.15.43-.24,3.9-1.96,5.5-.67.36.27.55.7.63,1.14.43,1.8,1.33,6.77,3.63,8.06.62.31,1.29.35,1.76.04.66-.39.7-.79,1.4-1.1.67-.27,1.17.12,1.41,0,.93-.47.7-1.53.7-1.53,0,0,1.09.59,1.41.04.62-1.05.93-1.13,1.56-1.29,0,0,.89.55,1.79,1.18.71.43,1.52-.12,1.8-.75.39-1.05.97-2.78,2.26-5.52,1.06-2.23,3.01-.78,4.49-3.24,2.3-3.92,4.57-5.21,4.26-13.55-.32-7.24-8.32-16.59-17.53-15.38-5.62.79-10.7,4.74-12.45,10.3-1.72,5.4-1.8,6.18-3.56,8.02-1.75,1.8-9.83,5.4-9.83,5.4,0,0,6.19,4.01,8.13,9,.48,1.25.7,2.56.49,3.88,0,0-.46-1.76-1.68-3.64-1.21-1.88-5.85-5.8-11.43-7.64,0,0,2.89-11.27-4.37-16.35,0,0-1.1.19-1.49,1.91-.35,1.53.51,3.88.59,4.03-.2-.03-4.57-4.5-1.45-8.84,1.64-2.31,4.06-4.31,6.13-15.97.86-4.7,5.04-13.81,7.46-17.57,2.38-3.8,4.68-7.16,4.49-11.39-.12-2.19-.43-4.15-1.29-5.95l-3.87-10.76c-.27-.55-.7-.86-1.17-.86l-3.78,1.21c-.32.12-.55.35-.59.67-.16.74-.43,2.31-.47,4.22-.04,3.76.47,6.03.47,6.03l-2.42-1.8-1.37-.98c-.15-.16-.39-.12-.5.08,0,0-.51.63-.63.86-.19.27-.11.67.04.94,0,0,.63,1.25.9,1.6.78,1.18,2.07,2.27,3.08,3.17l2.11,2.12c.35.35.59.82.63,1.33v.74c0,.71-.24,1.37-.67,1.92l-22.37,28.8s-2.3,2.67-2.07,4.54c.36,2.78,1.18,6.5,1.41,7.64.39,1.72.94,3.79.51,6.22-.59,3.56-3.16,10.45.04,13.89.86.9,3.12,1.41,5.58,3.33,2.11,1.64,3.59,3.33,3.24,5.64-.12.86-.78,2.41-3.35,5.06.06-.27.92-3.9-.28-6.28-1.09-2.15-4.22-3.6-4.41-3.68-16.27-6.7-29.09-18.67-36.88-33.43C93.96,34.64,124.78,6.13,162.13,6.13c28.89,0,53.87,17.07,65.46,41.67-3.17,21.12-13.8,38.1-31.77,49.37,0,0-1.09,2.42-2.77,5.4-1.6,2.74-2.69,3.01-4.14,3.36-1.52.35-2.89,4.31-3.59,6.62-.55,1.6-1.37,2.97-3.16,1.84-.39-.24-1.56-1.3-1.56-1.3,0,0-.71,1.02-.98,1.1-.31.12-1.37-.2-1.37-.2,0,0-.07,1.18-1.48,1.37-.86.16-2.11.79-2.81,1.3l-.62.47Z\"><\/path><path class=\"cls-2\" d=\"M326.16,220.02c0,3.86-.97,6.95-2.59,9.42-1.66,2.49-3.79,4.49-6.35,5.91-2.61,1.46-5.59,2.51-8.81,3.09-3.31.61-6.58.91-9.73.91-4.23,0-8.27-.24-12-.69-3.35-.43-7.3-1.22-10.92-2.05,1.4-5.14,3.23-11.84,3.34-12.25.26.11,2.97,1.01,5.04,1.43,3.57.72,7.11,1.04,10.51,1.04,1.39,0,2.71-.07,3.94-.23,1.29-.16,2.46-.42,3.46-.82,1.05-.4,1.93-.92,2.59-1.55.78-.72,1.19-1.67,1.19-2.74,0-1.44-.63-2.62-1.85-3.41-.98-.64-2.25-1.2-3.77-1.63-1.47-.43-3.15-.83-5.01-1.17-1.81-.35-3.67-.81-5.54-1.35-1.87-.52-3.73-1.22-5.52-2.01-1.7-.75-3.25-1.8-4.55-3.11-1.32-1.3-2.41-2.93-3.24-4.83s-1.24-4.3-1.24-7.11c0-3.97.86-7.19,2.58-9.6,1.76-2.44,4.04-4.34,6.78-5.65,2.8-1.36,5.97-2.28,9.39-2.78,3.47-.48,6.9-.72,10.18-.72s6.35.19,9.62.55c2.82.33,5.89.99,8.5,1.49-.9,3.29-3.28,11.99-3.28,11.99,0,0-1.52-.36-3.48-.67-3.01-.47-6.13-.85-9.35-.85-.92,0-1.94.04-3.07.1-1.2.06-2.34.23-3.38.51-1.12.31-2.1.77-2.88,1.41-.65.49-1.43,1.47-1.43,3.16,0,1.26.51,2.99,2.95,3.98,1.57.64,3.56,1.22,5.91,1.69,2.29.48,4.78,1.02,7.36,1.63,2.54.58,4.13,1.19,6.32,2.45,2.11,1.22,4.51,3.69,5.9,5.9,1.39,2.18,2.43,4.89,2.43,8.56Z\"><\/path><path class=\"cls-2\" d=\"M279.11,224.34s0,0,0,.02v-.02s0,0,0,0Z\"><\/path><path class=\"cls-2\" d=\"M248.15,179.25l19.51,59.3h-19.91l-3.86-13.28h-20.64l-3.78,13.28h-20.06s17.18-52.03,17.18-52.03c1.43-4.24,4.23-7.27,8.14-7.27h23.42ZM240.36,211.81l-5.83-21.44h-1.73l-7.26,25.71s.58-1.21,1.33-1.91c1.59-1.47,3.4-2.33,5.26-2.33l8.23-.03Z\"><\/path><path class=\"cls-2\" d=\"M190.31,221.87v16.68h-40.63c-3.91,0-7.12-3.19-7.12-7.12v-52.18h18.23v42.62h29.52Z\"><\/path><path class=\"cls-2\" d=\"M145.15,27.58l2.42,1.8s-.51-2.27-.47-6.03c.04-1.91.31-3.48.47-4.22.04-.32.27-.55.59-.67l3.78-1.21c.47,0,.9.31,1.17.86l3.87,10.76c.86,1.8,1.17,3.76,1.29,5.95.19,4.23-2.11,7.59-4.49,11.39-2.42,3.76-6.6,12.87-7.46,17.57-2.07,11.66-4.49,13.66-6.13,15.97-3.12,4.34,1.25,8.81,1.45,8.84-.08-.15-.94-2.5-.59-4.03.39-1.72,1.49-1.91,1.49-1.91,7.26,5.08,4.37,16.35,4.37,16.35,5.58,1.84,10.22,5.76,11.43,7.64,1.22,1.88,1.68,3.64,1.68,3.64.21-1.32-.01-2.63-.49-3.88l2.64-.15c.47-.12,3.79-1.02,4.26,2.15,1.75,11.66,6.91,8.73,6.91,8.73l.62-.47c.7-.51,1.95-1.14,2.81-1.3,1.41-.19,1.48-1.37,1.48-1.37,0,0,1.06.32,1.37.2.27-.08.98-1.1.98-1.1,0,0,1.17,1.06,1.56,1.3,1.79,1.13,2.61-.24,3.16-1.84.7-2.31,2.07-6.27,3.59-6.62,1.45-.35,2.54-.62,4.14-3.36,1.68-2.98,2.77-5.4,2.77-5.4,17.97-11.27,28.6-28.25,31.77-49.37-11.59-24.6-36.57-41.67-65.46-41.67-37.35,0-68.17,28.51-71.97,64.96,7.79,14.76,20.61,26.73,36.88,33.43.19.08,3.32,1.53,4.41,3.68,1.2,2.38.34,6.01.28,6.28,2.57-2.65,3.23-4.2,3.35-5.06.35-2.31-1.13-4-3.24-5.64-2.46-1.92-4.72-2.43-5.58-3.33-3.2-3.44-.63-10.33-.04-13.89.43-2.43-.12-4.5-.51-6.22-.23-1.14-1.05-4.86-1.41-7.64-.23-1.87,2.07-4.54,2.07-4.54l22.37-28.8c.43-.55.67-1.21.67-1.92v-.74c-.04-.51-.28-.98-.63-1.33l-2.11-2.12c-1.01-.9-2.3-1.99-3.08-3.17-.27-.35-.9-1.6-.9-1.6-.15-.27-.23-.67-.04-.94.12-.23.63-.86.63-.86.11-.2.35-.24.5-.08l1.37.98ZM162.13.25c43.13,0,78.23,35.18,78.23,78.43s-35.1,78.44-78.23,78.44-78.24-35.19-78.24-78.44S118.99.25,162.13.25ZM234.49,78.68c0-8.43-1.45-16.52-4.1-24.05-3.99,17.33-13.37,31.76-27.5,42.3-.59,1.57-1.37,3.6-2.46,6.3-2.27,5.6-2.93,8.57-4.69,10.8-.39.51-3.86,1.45-5.89,3.1-2.03,1.6-2.31,3.95-5.9,5.32-6.98,2.66-14.87,3.09-14.91,3.09-.43.74-.94,1.6-1.52,2.7-.66,1.29-2.3,3.8-3.59,5.68-.98,1.48-2.97,2.77-4.77,2.81-1.36,0-5.07-.54-5.07-.54,0,0,1.37,2.15,3.86,2.46,1.1.12,2.39.08,2.39.08,0,0-.55,5.79,1.13,10.88.2.61.45,1.14.71,1.62,39.88-.03,72.31-32.56,72.31-72.55ZM143.78,108.32c.12-1.53.12-3.29-.93-4.46.93,2.86-.71,5.63-1.72,8.26-1.05,2.5-2.85,5.63-3.55,8.33-1.6,6.46,1.52,13.15,8.86,14.09-4.88-3.76-7.11-8.69-5.9-13.38,1.21-4.03,2.81-8.46,3.24-12.84ZM129.21,143.26c-.23-1.09-.41-2.23-.45-3.47-.28-9.16-3.67-6.81-5.16-14.48-1.83-9.2.78-13.12,1.88-17.07-15.11-6.21-27.36-16.76-35.72-29.79v.23c0,28.13,16.05,52.54,39.45,64.58Z\"><\/path><path class=\"cls-2\" d=\"M162.17,106.25l-2.64.15c-1.94-4.99-8.13-9-8.13-9,0,0,8.08-3.6,9.83-5.4,1.76-1.84,1.84-2.62,3.56-8.02,1.75-5.56,6.83-9.51,12.45-10.3,9.21-1.21,17.21,8.14,17.53,15.38.31,8.34-1.96,9.63-4.26,13.55-1.48,2.46-3.43,1.01-4.49,3.24-1.29,2.74-1.87,4.47-2.26,5.52-.28.63-1.09,1.18-1.8.75-.9-.63-1.79-1.18-1.79-1.18-.63.16-.94.24-1.56,1.29-.32.55-1.41-.04-1.41-.04,0,0,.23,1.06-.7,1.53-.24.12-.74-.27-1.41,0-.7.31-.74.71-1.4,1.1-.47.31-1.14.27-1.76-.04-2.3-1.29-3.2-6.26-3.63-8.06-.08-.44-.27-.87-.63-1.14-1.6-1.29-5.07.43-5.5.67Z\"><\/path><path class=\"cls-2\" d=\"M129.19,179.43v16.7h-19.77v42.42h-18.22v-42.44h-21.72v-10.45c0-2.75,3.59-6.41,7.47-6.41l52.24.18Z\"><\/path><path class=\"cls-2\" d=\"M49.03,179.25l19.51,59.3h-20.47l-3.86-13.28h-20.63l-3.79,13.28H.25l17.18-52.03c1.44-4.24,4.24-7.27,8.71-7.27h22.89ZM40.68,211.81l-5.82-21.44h-1.73l-7.27,25.71s.59-1.21,1.33-1.91c1.59-1.47,3.4-2.33,5.26-2.33l8.23-.03Z\"><\/path><\/g><\/g><\/svg>\t\t\t<\/div>\n\t\t<\/div>\n\t\t\t\t\t\t<\/div>\n\t\t\t\t<div class=\"elementor-element elementor-element-3409f80 elementor-widget elementor-widget-heading\" data-id=\"3409f80\" data-element_type=\"widget\" data-e-type=\"widget\" data-widget_type=\"heading.default\">\n\t\t\t\t\t<h2 class=\"elementor-heading-title elementor-size-default\">Social Responsibility<\/h2>\t\t\t\t<\/div>\n\t\t\t\t<div class=\"elementor-element elementor-element-db39dc5 elementor-widget elementor-widget-text-editor\" data-id=\"db39dc5\" data-element_type=\"widget\" data-e-type=\"widget\" data-widget_type=\"text-editor.default\">\n\t\t\t\t\t\t\t\t\t<p>Since the beginning of its commercial activity in Albania, Besniku Shpk and later Atlas Mills have ensured that part of their profits is returned to vulnerable communities and citizens with low incomes.<\/p><p>There is now a strong tradition of corporate social responsibility activities, with collaborations involving a number of public institutions for various social initiatives.<\/p><p>Additionally, the company supports other initiatives in cooperation with the Albanian Red Cross, the Fundjav\u00eb Ndryshe Foundation, and other organizations.<\/p>\t\t\t\t\t\t\t\t<\/div>\n\t\t\t\t<\/div>\n\t\t<div class=\"elementor-element elementor-element-df46f95 e-con-full e-flex e-con e-child\" data-id=\"df46f95\" data-element_type=\"container\" data-e-type=\"container\">\n\t\t\t\t<div class=\"elementor-element elementor-element-8fe8065 elementor-widget elementor-widget-image\" data-id=\"8fe8065\" data-element_type=\"widget\" data-e-type=\"widget\" data-widget_type=\"image.default\">\n\t\t\t\t\t\t\t\t\t\t\t\t\t\t\t<img fetchpriority=\"high\" decoding=\"async\" width=\"1920\" height=\"1079\" src=\"https:\/\/atlasmills.al\/wp-content\/uploads\/2026\/03\/fabrika1-1.webp\" class=\"attachment-full size-full wp-image-50\" alt=\"\" srcset=\"https:\/\/atlasmills.al\/wp-content\/uploads\/2026\/03\/fabrika1-1.webp 1920w, https:\/\/atlasmills.al\/wp-content\/uploads\/2026\/03\/fabrika1-1-300x169.webp 300w, https:\/\/atlasmills.al\/wp-content\/uploads\/2026\/03\/fabrika1-1-1024x575.webp 1024w, https:\/\/atlasmills.al\/wp-content\/uploads\/2026\/03\/fabrika1-1-768x432.webp 768w, https:\/\/atlasmills.al\/wp-content\/uploads\/2026\/03\/fabrika1-1-1536x863.webp 1536w\" sizes=\"(max-width: 1920px) 100vw, 1920px\" \/>\t\t\t\t\t\t\t\t\t\t\t\t\t\t\t<\/div>\n\t\t\t\t<\/div>\n\t\t\t\t\t<\/div>\n\t\t\t\t<\/div>\n\t\t\t\t<\/div>","protected":false},"excerpt":{"rendered":"<p>CSR Kreu &nbsp;&gt; &nbsp; CSR P\u00ebrgjegj\u00ebsia Sociale Q\u00eb nga fillimet e aktivitetit tregtar n\u00eb Shqip\u00ebri, Besniku Shpk e n\u00eb vijim Atlas Mills, jan\u00eb kujdesur q\u00eb nj\u00eb pjes\u00eb t\u00eb fitimit ta kthejn\u00eb prap\u00eb p\u00ebr komunitetet vulnerab\u00ebl dhe p\u00ebr qytetar\u00ebt me t\u00eb ardhura t\u00eb ul\u00ebta. Ka nj\u00eb tradit\u00eb tashm\u00eb t\u00eb aktiviteteve t\u00eb p\u00ebrgjegj\u00ebsis\u00eb sociale t\u00eb korporat\u00ebs duke [&hellip;]<\/p>\n","protected":false},"author":1,"featured_media":0,"parent":0,"menu_order":0,"comment_status":"closed","ping_status":"closed","template":"elementor_header_footer","meta":{"_acf_changed":false,"nf_dc_page":"","footnotes":""},"class_list":["post-405","page","type-page","status-publish","hentry"],"acf":[],"_links":{"self":[{"href":"https:\/\/atlasmills.al\/en\/wp-json\/wp\/v2\/pages\/405","targetHints":{"allow":["GET"]}}],"collection":[{"href":"https:\/\/atlasmills.al\/en\/wp-json\/wp\/v2\/pages"}],"about":[{"href":"https:\/\/atlasmills.al\/en\/wp-json\/wp\/v2\/types\/page"}],"author":[{"embeddable":true,"href":"https:\/\/atlasmills.al\/en\/wp-json\/wp\/v2\/users\/1"}],"replies":[{"embeddable":true,"href":"https:\/\/atlasmills.al\/en\/wp-json\/wp\/v2\/comments?post=405"}],"version-history":[{"count":5,"href":"https:\/\/atlasmills.al\/en\/wp-json\/wp\/v2\/pages\/405\/revisions"}],"predecessor-version":[{"id":759,"href":"https:\/\/atlasmills.al\/en\/wp-json\/wp\/v2\/pages\/405\/revisions\/759"}],"wp:attachment":[{"href":"https:\/\/atlasmills.al\/en\/wp-json\/wp\/v2\/media?parent=405"}],"curies":[{"name":"wp","href":"https:\/\/api.w.org\/{rel}","templated":true}]}}